{"id":82,"date":"2025-02-27T12:54:31","date_gmt":"2025-02-27T15:54:31","guid":{"rendered":"https:\/\/wbmnaturales.com\/?page_id=82"},"modified":"2025-03-05T11:58:59","modified_gmt":"2025-03-05T14:58:59","slug":"energia-solar","status":"publish","type":"page","link":"https:\/\/wbmnaturales.com\/?page_id=82","title":{"rendered":"Energia Solar"},"content":{"rendered":"<div class=\"vce-row-container\" data-vce-boxed-width=\"true\"><div class=\"vce-row vce-row--col-gap-30 vce-row-equal-height vce-row-content--top\" id=\"el-c8d9efc4\" data-vce-do-apply=\"all el-c8d9efc4\"><div class=\"vce-row-content\" data-vce-element-content=\"true\"><div class=\"vce-col vce-col--md-auto vce-col--xs-1 vce-col--xs-last vce-col--xs-first vce-col--sm-last vce-col--sm-first vce-col--md-last vce-col--lg-last vce-col--xl-last vce-col--md-first vce-col--lg-first vce-col--xl-first\" id=\"el-f06c1303\"><div class=\"vce-col-inner\" data-vce-do-apply=\"border margin background  el-f06c1303\"><div class=\"vce-col-content\" data-vce-element-content=\"true\" data-vce-do-apply=\"padding el-f06c1303\"><div class=\"vcv-row-control-wrapper\"><\/div><\/div><\/div><\/div><\/div><\/div><\/div><div class=\"vce-row-container\" data-vce-boxed-width=\"true\"><div class=\"vce-row vce-row--col-gap-30 vce-row-equal-height vce-row-content--top\" id=\"el-c52c8066\" data-vce-do-apply=\"all el-c52c8066\"><div class=\"vce-content-background-container\"><\/div><div class=\"vce-row-content\" data-vce-element-content=\"true\"><div class=\"vce-col vce-col--md-auto vce-col--xs-1 vce-col--xs-last vce-col--xs-first vce-col--sm-last vce-col--sm-first vce-col--md-first vce-col--lg-first vce-col--xl-first\" id=\"el-4925e8c5\"><div class=\"vce-col-inner\" data-vce-do-apply=\"border margin background  el-4925e8c5\"><div class=\"vce-col-content\" data-vce-element-content=\"true\" data-vce-do-apply=\"padding el-4925e8c5\"><div class=\"vce-simple-image-slider\" style=\"--backgroundPosition: center center; --pointerColor: #fff; --pointerColorHover: #fd9a00;\"><div class=\"vce-simple-image-slider-wrapper vce\" id=\"el-01c3821a\" data-vce-do-apply=\"all el-01c3821a\"><div class=\"vce-simple-image-slider-helper vce-simple-image-slider-aspect-ratio--3-4\"><div class=\"vce-simple-image-slider-list\" data-slick-autoplay=\"on\" data-slick-autoplay-delay=\"5000\" data-slick-effect=\"slideIn\" data-slick-dots=\"on\" data-slick-arrows=\"off\"><div class=\"slick-list\"><div class=\"slick-track\"><div class=\"vce-simple-image-slider-item vc-slick-item\"><div style=\"background-image:url(https:\/\/wbmnaturales.com\/wp-content\/uploads\/2025\/02\/granja-celulas-solares-estacion-energia-energia-alternativa-sol-scaled.jpg)\" class=\"vce-simple-image-slider-img vce-simple-image-slider-img--scale\"><img decoding=\"async\" class=\"\" src=\"https:\/\/wbmnaturales.com\/wp-content\/uploads\/2025\/02\/granja-celulas-solares-estacion-energia-energia-alternativa-sol-scaled.jpg\" style=\"opacity:0\" alt=\"\"><\/div><\/div><div class=\"vce-simple-image-slider-item vc-slick-item\"><div style=\"background-image:url(https:\/\/wbmnaturales.com\/wp-content\/uploads\/2025\/02\/hombre-trabajador-campo-junto-paneles-solares-scaled.jpg)\" class=\"vce-simple-image-slider-img vce-simple-image-slider-img--scale\"><img decoding=\"async\" class=\"\" src=\"https:\/\/wbmnaturales.com\/wp-content\/uploads\/2025\/02\/hombre-trabajador-campo-junto-paneles-solares-scaled.jpg\" style=\"opacity:0\" alt=\"\"><\/div><\/div><div class=\"vce-simple-image-slider-item vc-slick-item\"><div style=\"background-image:url(https:\/\/wbmnaturales.com\/wp-content\/uploads\/2025\/02\/panel-solar-renderizado-3d-aislado-fondo-blanco-scaled.jpg)\" class=\"vce-simple-image-slider-img vce-simple-image-slider-img--scale\"><img decoding=\"async\" class=\"\" src=\"https:\/\/wbmnaturales.com\/wp-content\/uploads\/2025\/02\/panel-solar-renderizado-3d-aislado-fondo-blanco-scaled.jpg\" style=\"opacity:0\" alt=\"\"><\/div><\/div><\/div><\/div><\/div><div class=\"vce-simple-image-slider-dots\"><\/div><\/div><\/div><\/div><\/div><\/div><\/div><div class=\"vce-col vce-col--md-auto vce-col--xs-1 vce-col--xs-last vce-col--xs-first vce-col--sm-last vce-col--sm-first vce-col--md-last vce-col--lg-last vce-col--xl-last\" id=\"el-e869e029\"><div class=\"vce-col-inner\" data-vce-do-apply=\"border margin background  el-e869e029\"><div class=\"vce-col-content\" data-vce-element-content=\"true\" data-vce-do-apply=\"padding el-e869e029\"><div class=\"vce-text-block\"><div class=\"vce-text-block-wrapper vce\" id=\"el-7883e99c\" data-vce-do-apply=\"all el-7883e99c\"><h2>Energia Sostentable&nbsp;<\/h2>\n<p>Estamos comprometidos con la creaci\u00f3n de un futuro m\u00e1s sostenible y limpio para todos. Creemos que la energ\u00eda solar es la clave para un futuro energ\u00e9tico m\u00e1s accesible, confiable y respetuoso con el medio ambiente.<br><br>Ofrecemos una amplia variedad de paneles solares de alta calidad dise\u00f1ados para satisfacer las necesidades de cualquier hogar o negocio. Nuestros paneles solares son duraderos, eficientes y f\u00e1ciles de instalar.<br><br><\/p>\n<p data-sourcepos=\"16:1-16:22\"><strong>Nuestros servicios<\/strong><\/p>\n<p data-sourcepos=\"18:1-18:97\">Adem\u00e1s de la venta de paneles solares, tambi\u00e9n ofrecemos una variedad de servicios, que incluyen:<\/p>\n<ul data-sourcepos=\"20:1-23:0\">\n<li data-sourcepos=\"20:1-20:42\">Dise\u00f1o e instalaci\u00f3n de sistemas solares.<\/li>\n<li data-sourcepos=\"21:1-21:48\">Mantenimiento y reparaci\u00f3n de sistemas solares.<\/li>\n<li data-sourcepos=\"22:1-23:0\">Financiaci\u00f3n de sistemas solares<\/li>\n<\/ul><\/div><\/div><\/div><\/div><\/div><\/div><\/div><\/div><div class=\"vce-row-container\" data-vce-boxed-width=\"true\"><div class=\"vce-row vce-row--col-gap-30 vce-row-equal-height vce-row-content--top\" id=\"el-20ef76bc\" data-vce-do-apply=\"all el-20ef76bc\"><div class=\"vce-row-content\" data-vce-element-content=\"true\"><div class=\"vce-col vce-col--md-auto vce-col--xs-1 vce-col--xs-last vce-col--xs-first vce-col--sm-last vce-col--sm-first vce-col--md-last vce-col--lg-last vce-col--xl-last vce-col--md-first vce-col--lg-first vce-col--xl-first\" id=\"el-8fe7c5cc\"><div class=\"vce-col-inner\" data-vce-do-apply=\"border margin background  el-8fe7c5cc\"><div class=\"vce-col-content\" data-vce-element-content=\"true\" data-vce-do-apply=\"padding el-8fe7c5cc\"><div class=\"vce vce-separator-container vce-separator--align-center vce-separator--style-shadow\" id=\"el-51b9ae4c\" data-vce-do-apply=\"margin el-51b9ae4c\"><div class=\"vce-separator vce-separator--color-bfc0c1 vce-separator--width-100 vce-separator--thickness-1\" data-vce-do-apply=\"border padding background  el-51b9ae4c\"><div class=\"vce-separator-shadow vce-separator-shadow-left\"><\/div><div class=\"vce-separator-shadow vce-separator-shadow-right\"><\/div><\/div><\/div><\/div><\/div><\/div><\/div><\/div><\/div><div class=\"vce-row-container\" data-vce-boxed-width=\"true\"><div class=\"vce-row vce-row--col-gap-30 vce-row-equal-height vce-row-content--top\" id=\"el-73196678\" data-vce-do-apply=\"all el-73196678\"><div class=\"vce-row-content\" data-vce-element-content=\"true\"><div class=\"vcv-row-control-wrapper\"><\/div><\/div><\/div><\/div><div class=\"vce-row-container\" data-vce-boxed-width=\"true\"><div class=\"vce-row vce-row--col-gap-30 vce-row-equal-height vce-row-content--top\" id=\"el-e9dd14f1\" data-vce-do-apply=\"all el-e9dd14f1\"><div class=\"vce-row-content\" data-vce-element-content=\"true\"><div class=\"vce-col vce-col--md-auto vce-col--xs-1 vce-col--xs-last vce-col--xs-first vce-col--sm-last vce-col--sm-first vce-col--md-last vce-col--lg-last vce-col--xl-last vce-col--md-first vce-col--lg-first vce-col--xl-first\" id=\"el-24538d5e\"><div class=\"vce-col-inner\" data-vce-do-apply=\"border margin background  el-24538d5e\"><div class=\"vce-col-content\" data-vce-element-content=\"true\" data-vce-do-apply=\"padding el-24538d5e\"><div class=\"vce vce-separator-container vce-separator--align-center vce-separator--style-solid\" id=\"el-2d5ed58e\" data-vce-do-apply=\"margin el-2d5ed58e\"><div class=\"vce-separator vce-separator--color-bfc0c1 vce-separator--width-60 vce-separator--thickness-1\" data-vce-do-apply=\"border padding background  el-2d5ed58e\"><\/div><\/div><\/div><\/div><\/div><\/div><\/div><\/div><div class=\"vce-row-container\" data-vce-boxed-width=\"true\"><div class=\"vce-row vce-row--col-gap-30 vce-row-equal-height vce-row-content--top\" id=\"el-96b2e922\" data-vce-do-apply=\"all el-96b2e922\"><div class=\"vce-row-content\" data-vce-element-content=\"true\"><div class=\"vce-col vce-col--md-auto vce-col--xs-1 vce-col--xs-last vce-col--xs-first vce-col--sm-last vce-col--sm-first vce-col--md-last vce-col--lg-last vce-col--xl-last vce-col--md-first vce-col--lg-first vce-col--xl-first\" id=\"el-589940b1\"><div class=\"vce-col-inner\" data-vce-do-apply=\"border margin background  el-589940b1\"><div class=\"vce-col-content\" data-vce-element-content=\"true\" data-vce-do-apply=\"padding el-589940b1\"><div class=\"vcv-row-control-wrapper\"><\/div><\/div><\/div><\/div><\/div><\/div><\/div><div class=\"vce-row-container\" data-vce-boxed-width=\"true\"><div class=\"vce-row vce-row--col-gap-30 vce-row-equal-height vce-row-content--top\" id=\"el-bd49a015\" data-vce-do-apply=\"all el-bd49a015\"><div class=\"vce-row-content\" data-vce-element-content=\"true\"><div class=\"vce-col vce-col--md-auto vce-col--xs-1 vce-col--xs-last vce-col--xs-first vce-col--sm-last vce-col--sm-first vce-col--md-last vce-col--lg-last vce-col--xl-last vce-col--md-first vce-col--lg-first vce-col--xl-first\" id=\"el-77cdae3a\"><div class=\"vce-col-inner\" data-vce-do-apply=\"border margin background  el-77cdae3a\"><div class=\"vce-col-content\" data-vce-element-content=\"true\" data-vce-do-apply=\"padding el-77cdae3a\"><div class=\"vcv-row-control-wrapper\"><\/div><\/div><\/div><\/div><\/div><\/div><\/div><div class=\"vce-row-container\" data-vce-boxed-width=\"true\"><div class=\"vce-row vce-row--col-gap-30 vce-row-equal-height vce-row-content--top\" id=\"el-8096cc68\" data-vce-do-apply=\"all el-8096cc68\"><div class=\"vce-row-content\" data-vce-element-content=\"true\"><div class=\"vce-col vce-col--md-auto vce-col--xs-1 vce-col--xs-last vce-col--xs-first vce-col--sm-last vce-col--sm-first vce-col--md-first vce-col--lg-first vce-col--xl-first\" id=\"el-70374258\"><div class=\"vce-col-inner\" data-vce-do-apply=\"border margin background  el-70374258\"><div class=\"vce-col-content\" data-vce-element-content=\"true\" data-vce-do-apply=\"padding el-70374258\"><div class=\"vce-simple-image-slider\" style=\"--backgroundPosition: center center; --pointerColor: #fff; --pointerColorHover: #fd9a00;\"><div class=\"vce-simple-image-slider-wrapper vce\" id=\"el-4f7e72b7\" data-vce-do-apply=\"all el-4f7e72b7\"><div class=\"vce-simple-image-slider-helper vce-simple-image-slider-aspect-ratio--16-9\"><div class=\"vce-simple-image-slider-list\" data-slick-autoplay=\"on\" data-slick-autoplay-delay=\"5000\" data-slick-effect=\"slideIn\" data-slick-dots=\"on\" data-slick-arrows=\"off\"><div class=\"slick-list\"><div class=\"slick-track\"><div class=\"vce-simple-image-slider-item vc-slick-item\"><div style=\"background-image:url(https:\/\/wbmnaturales.com\/wp-content\/uploads\/2025\/03\/IMG_20250207_112249-scaled.jpg)\" class=\"vce-simple-image-slider-img vce-simple-image-slider-img--scale\"><img decoding=\"async\" class=\"\" src=\"https:\/\/wbmnaturales.com\/wp-content\/uploads\/2025\/03\/IMG_20250207_112249-scaled.jpg\" style=\"opacity:0\" alt=\"\"><\/div><\/div><div class=\"vce-simple-image-slider-item vc-slick-item\"><div style=\"background-image:url(https:\/\/wbmnaturales.com\/wp-content\/uploads\/2025\/03\/IMG_20250207_112224-scaled.jpg)\" class=\"vce-simple-image-slider-img vce-simple-image-slider-img--scale\"><img decoding=\"async\" class=\"\" src=\"https:\/\/wbmnaturales.com\/wp-content\/uploads\/2025\/03\/IMG_20250207_112224-scaled.jpg\" style=\"opacity:0\" alt=\"\"><\/div><\/div><\/div><\/div><\/div><div class=\"vce-simple-image-slider-dots\"><\/div><\/div><\/div><\/div><div class=\"vce-text-block\"><div class=\"vce-text-block-wrapper vce\" id=\"el-c1cd773e\" data-vce-do-apply=\"all el-c1cd773e\"><h2>Foco reflector LED solar con IP67<\/h2>\n<p>&nbsp;<\/p>\n<p>&nbsp;<\/p><\/div><\/div><\/div><\/div><\/div><div class=\"vce-col vce-col--md-auto vce-col--xs-1 vce-col--xs-last vce-col--xs-first vce-col--sm-last vce-col--sm-first\" id=\"el-041991ba\"><div class=\"vce-col-inner\" data-vce-do-apply=\"border margin background  el-041991ba\"><div class=\"vce-col-content\" data-vce-element-content=\"true\" data-vce-do-apply=\"padding el-041991ba\"><div class=\"vce-simple-image-slider\" style=\"--pointerColor: #fff; --pointerColorHover: #fd9a00; --backgroundPosition: center center;\"><div class=\"vce-simple-image-slider-wrapper vce\" id=\"el-91968200\" data-vce-do-apply=\"all el-91968200\"><div class=\"vce-simple-image-slider-helper vce-simple-image-slider-aspect-ratio--16-9\"><div class=\"vce-simple-image-slider-list\" data-slick-autoplay=\"on\" data-slick-autoplay-delay=\"5000\" data-slick-effect=\"slideIn\" data-slick-dots=\"on\" data-slick-arrows=\"off\"><div class=\"slick-list\"><div class=\"slick-track\"><div class=\"vce-simple-image-slider-item vc-slick-item\"><div style=\"background-image:url(https:\/\/wbmnaturales.com\/wp-content\/uploads\/2025\/03\/IMG_20250207_181028-1-scaled.jpg)\" class=\"vce-simple-image-slider-img vce-simple-image-slider-img--scale\"><img decoding=\"async\" class=\"\" src=\"https:\/\/wbmnaturales.com\/wp-content\/uploads\/2025\/03\/IMG_20250207_181028-1-scaled.jpg\" style=\"opacity:0\" alt=\"\"><\/div><\/div><div class=\"vce-simple-image-slider-item vc-slick-item\"><div style=\"background-image:url(https:\/\/wbmnaturales.com\/wp-content\/uploads\/2025\/03\/IMG_20250207_181006-1-scaled.jpg)\" class=\"vce-simple-image-slider-img vce-simple-image-slider-img--scale\"><img decoding=\"async\" class=\"\" src=\"https:\/\/wbmnaturales.com\/wp-content\/uploads\/2025\/03\/IMG_20250207_181006-1-scaled.jpg\" style=\"opacity:0\" alt=\"\"><\/div><\/div><div class=\"vce-simple-image-slider-item vc-slick-item\"><div style=\"background-image:url(https:\/\/wbmnaturales.com\/wp-content\/uploads\/2025\/03\/IMG_20250207_180959-1-scaled.jpg)\" class=\"vce-simple-image-slider-img vce-simple-image-slider-img--scale\"><img decoding=\"async\" class=\"\" src=\"https:\/\/wbmnaturales.com\/wp-content\/uploads\/2025\/03\/IMG_20250207_180959-1-scaled.jpg\" style=\"opacity:0\" alt=\"\"><\/div><\/div><div class=\"vce-simple-image-slider-item vc-slick-item\"><div style=\"background-image:url(https:\/\/wbmnaturales.com\/wp-content\/uploads\/2025\/03\/IMG_20250207_180948-2-scaled.jpg)\" class=\"vce-simple-image-slider-img vce-simple-image-slider-img--scale\"><img decoding=\"async\" class=\"\" src=\"https:\/\/wbmnaturales.com\/wp-content\/uploads\/2025\/03\/IMG_20250207_180948-2-scaled.jpg\" style=\"opacity:0\" alt=\"\"><\/div><\/div><\/div><\/div><\/div><div class=\"vce-simple-image-slider-dots\"><\/div><\/div><\/div><\/div><div class=\"vce-text-block\"><div class=\"vce-text-block-wrapper vce\" id=\"el-2aae561e\" data-vce-do-apply=\"all el-2aae561e\"><h2>Foco solar led<\/h2>\n<p>&nbsp;<\/p><\/div><\/div><\/div><\/div><\/div><div class=\"vce-col vce-col--md-auto vce-col--xs-1 vce-col--xs-last vce-col--xs-first vce-col--sm-last vce-col--sm-first\" id=\"el-336001c2\"><div class=\"vce-col-inner\" data-vce-do-apply=\"border margin background  el-336001c2\"><div class=\"vce-col-content\" data-vce-element-content=\"true\" data-vce-do-apply=\"padding el-336001c2\"><div class=\"vcv-row-control-wrapper\"><\/div><\/div><\/div><\/div><div class=\"vce-col vce-col--md-auto vce-col--xs-1 vce-col--xs-last vce-col--xs-first vce-col--sm-last vce-col--sm-first vce-col--md-last vce-col--lg-last vce-col--xl-last\" id=\"el-1a2a28aa\"><div class=\"vce-col-inner\" data-vce-do-apply=\"border margin background  el-1a2a28aa\"><div class=\"vce-col-content\" data-vce-element-content=\"true\" data-vce-do-apply=\"padding el-1a2a28aa\"><div class=\"vcv-row-control-wrapper\"><\/div><\/div><\/div><\/div><\/div><\/div><\/div><div class=\"vce-row-container\" data-vce-boxed-width=\"true\"><div class=\"vce-row vce-row--col-gap-30 vce-row-equal-height vce-row-content--top\" id=\"el-9bece3a0\" data-vce-do-apply=\"all el-9bece3a0\"><div class=\"vce-row-content\" data-vce-element-content=\"true\"><div class=\"vce-col vce-col--md-auto vce-col--xs-1 vce-col--xs-last vce-col--xs-first vce-col--sm-last vce-col--sm-first vce-col--md-last vce-col--lg-last vce-col--xl-last vce-col--md-first vce-col--lg-first vce-col--xl-first\" id=\"el-9b92cf1e\"><div class=\"vce-col-inner\" data-vce-do-apply=\"border margin background  el-9b92cf1e\"><div class=\"vce-col-content\" data-vce-element-content=\"true\" data-vce-do-apply=\"padding el-9b92cf1e\"><div class=\"vce vce-separator-container vce-separator--align-center vce-separator--style-solid\" id=\"el-0da7ca02\" data-vce-do-apply=\"margin el-0da7ca02\"><div class=\"vce-separator vce-separator--color-bfc0c1 vce-separator--width-60 vce-separator--thickness-1\" data-vce-do-apply=\"border padding background  el-0da7ca02\"><\/div><\/div><\/div><\/div><\/div><\/div><\/div><\/div><div class=\"vce-row-container\" data-vce-boxed-width=\"true\"><div class=\"vce-row vce-row--col-gap-30 vce-row-equal-height vce-row-content--top\" id=\"el-031ba914\" data-vce-do-apply=\"all el-031ba914\"><div class=\"vce-row-content\" data-vce-element-content=\"true\"><div class=\"vce-col vce-col--md-auto vce-col--xs-1 vce-col--xs-last vce-col--xs-first vce-col--sm-last vce-col--sm-first vce-col--md-first vce-col--lg-first vce-col--xl-first\" id=\"el-aec23c2e\"><div class=\"vce-col-inner\" data-vce-do-apply=\"border margin background  el-aec23c2e\"><div class=\"vce-col-content\" data-vce-element-content=\"true\" data-vce-do-apply=\"padding el-aec23c2e\"><div class=\"vce-text-block\"><div class=\"vce-text-block-wrapper vce\" id=\"el-7a5926d6\" data-vce-do-apply=\"all el-7a5926d6\"><p data-sourcepos=\"24:1-24:23\"><strong><span>Beneficios de los productos<\/span><\/strong><\/p><p data-sourcepos=\"26:1-26:62\"><span>Cambiar a energ\u00eda solar tiene muchos beneficios, que incluyen:<\/span><\/p><ul data-sourcepos=\"28:1-32:0\"><li data-sourcepos=\"28:1-28:50\"><span>Ahorro de dinero en tus facturas de electricidad.<\/span><\/li><li data-sourcepos=\"29:1-29:35\"><span>Reducci\u00f3n de tu huella de carbono<\/span><\/li><li data-sourcepos=\"30:1-30:35\"><span>Aumento del valor de tu propiedad.<\/span><\/li><li data-sourcepos=\"31:1-32:0\"><span>Disfrutar de una fuente de energ\u00eda limpia e inagotable<\/span><\/li><\/ul><p data-sourcepos=\"33:1-33:21\"><strong><span>\u00bfPor qu\u00e9 elegirnos?<\/span><\/strong><\/p><p data-sourcepos=\"35:1-35:112\"><span>Hay muchas razones por las que deber\u00edas elegirnos como tu proveedor de energ\u00eda solar. Algunas de ellas incluyen:<\/span><\/p><ul data-sourcepos=\"37:1-40:0\"><li data-sourcepos=\"37:1-37:74\"><span>Somos una empresa con experiencia y conocimientos en la industria solar.<\/span><\/li><li data-sourcepos=\"38:1-38:73\"><span>Ofrecemos productos y servicios de alta calidad a precios competitivos.<\/span><\/li><li data-sourcepos=\"39:1-40:0\"><span>Nos comprometemos a brindar un excelente servicio al cliente.<\/span><\/li><\/ul><p data-sourcepos=\"41:1-41:25\"><strong><span>Cont\u00e1ctanos hoy mismo<\/span><\/strong><\/p><p data-sourcepos=\"43:1-43:198\"><span>Si est\u00e1s interesado en aprender m\u00e1s sobre c\u00f3mo la energ\u00eda solar puede beneficiar a tu hogar o negocio, cont\u00e1ctanos hoy mismo. Estamos ansiosos por ayudarte a hacer la transici\u00f3n a la energ\u00eda limpia.<\/span><\/p><\/div><\/div><\/div><\/div><\/div><div class=\"vce-col vce-col--md-auto vce-col--xs-1 vce-col--xs-last vce-col--xs-first vce-col--sm-last vce-col--sm-first vce-col--md-last vce-col--lg-last vce-col--xl-last\" id=\"el-20f83adb\"><div class=\"vce-col-inner\" data-vce-do-apply=\"border margin background  el-20f83adb\"><div class=\"vce-col-content\" data-vce-element-content=\"true\" data-vce-do-apply=\"padding el-20f83adb\"><div class=\"vce-simple-image-slider\" style=\"--backgroundPosition: center center; --pointerColor: #fff; --pointerColorHover: #fd9a00;\"><div class=\"vce-simple-image-slider-wrapper vce\" id=\"el-1e388759\" data-vce-do-apply=\"all el-1e388759\"><div class=\"vce-simple-image-slider-helper vce-simple-image-slider-aspect-ratio--16-9\"><div class=\"vce-simple-image-slider-list\" data-slick-autoplay=\"on\" data-slick-autoplay-delay=\"5000\" data-slick-effect=\"slideIn\" data-slick-dots=\"on\" data-slick-arrows=\"off\"><div class=\"slick-list\"><div class=\"slick-track\"><div class=\"vce-simple-image-slider-item vc-slick-item\"><div style=\"background-image:url(https:\/\/wbmnaturales.com\/wp-content\/uploads\/2025\/02\/paneles-solares-techo-celula-solar-scaled.jpg)\" class=\"vce-simple-image-slider-img vce-simple-image-slider-img--scale\"><img decoding=\"async\" class=\"\" src=\"https:\/\/wbmnaturales.com\/wp-content\/uploads\/2025\/02\/paneles-solares-techo-celula-solar-scaled.jpg\" style=\"opacity:0\" alt=\"\"><\/div><\/div><\/div><\/div><\/div><div class=\"vce-simple-image-slider-dots\"><\/div><\/div><\/div><\/div><\/div><\/div><\/div><\/div><\/div><\/div><div class=\"vce-row-container\" data-vce-boxed-width=\"true\"><div class=\"vce-row vce-row--col-gap-30 vce-row-equal-height vce-row-content--top\" id=\"el-7cc749cc\" data-vce-do-apply=\"all el-7cc749cc\"><div class=\"vce-row-content\" data-vce-element-content=\"true\"><div class=\"vce-col vce-col--md-auto vce-col--xs-1 vce-col--xs-last vce-col--xs-first vce-col--sm-last vce-col--sm-first vce-col--md-last vce-col--lg-last vce-col--xl-last vce-col--md-first vce-col--lg-first vce-col--xl-first\" id=\"el-1b3fff42\"><div class=\"vce-col-inner\" data-vce-do-apply=\"border margin background  el-1b3fff42\"><div class=\"vce-col-content\" data-vce-element-content=\"true\" data-vce-do-apply=\"padding el-1b3fff42\"><div class=\"vcv-row-control-wrapper\"><\/div><\/div><\/div><\/div><\/div><\/div><\/div><div class=\"vce-row-container\" data-vce-boxed-width=\"true\"><div class=\"vce-row vce-row--col-gap-30 vce-row-equal-height vce-row-content--top\" id=\"el-f9b8c7a9\" data-vce-do-apply=\"all el-f9b8c7a9\"><div class=\"vce-row-content\" data-vce-element-content=\"true\"><div class=\"vce-col vce-col--md-auto vce-col--xs-1 vce-col--xs-last vce-col--xs-first vce-col--sm-last vce-col--sm-first vce-col--md-last vce-col--lg-last vce-col--xl-last vce-col--md-first vce-col--lg-first vce-col--xl-first\" id=\"el-f6bd5689\"><div class=\"vce-col-inner\" data-vce-do-apply=\"border margin background  el-f6bd5689\"><div class=\"vce-col-content\" data-vce-element-content=\"true\" data-vce-do-apply=\"padding el-f6bd5689\"><div class=\"vce-button--style-basic-container vce-button--style-basic-container--align-center\"><span class=\"vce-button--style-basic-wrapper vce vce-button--style-basic-wrapper--stretched\" id=\"el-f0be79b0\" data-vce-do-apply=\"margin el-f0be79b0\"><a class=\"vce-button vce-button--style-basic vce-button--style-basic--border-rounded vce-button--style-basic--size-medium vce-button--style-basic--color-b-184-46-36--fff\" href=\"https:\/\/wa.me\/+5491171625560\" title=\"\" data-vce-do-apply=\"padding border background  el-f0be79b0\">RESERVA UNA VISITA <\/a><\/span><\/div><\/div><\/div><\/div><\/div><\/div><\/div>","protected":false},"excerpt":{"rendered":"<p>Energia Sostentable&nbsp; Estamos comprometidos con la creaci\u00f3n de un futuro m\u00e1s sostenible y limpio para todos. Creemos que la energ\u00eda solar es la clave para un futuro energ\u00e9tico m\u00e1s accesible, confiable y respetuoso con el medio ambiente.Ofrecemos una amplia variedad de paneles solares de alta calidad dise\u00f1ados para satisfacer las necesidades de cualquier hogar o [&hellip;]<\/p>\n","protected":false},"author":1,"featured_media":0,"parent":0,"menu_order":0,"comment_status":"closed","ping_status":"closed","template":"","meta":{"om_disable_all_campaigns":false,"_monsterinsights_skip_tracking":false,"_monsterinsights_sitenote_active":false,"_monsterinsights_sitenote_note":"","_monsterinsights_sitenote_category":0,"footnotes":""},"aioseo_notices":[],"_links":{"self":[{"href":"https:\/\/wbmnaturales.com\/index.php?rest_route=\/wp\/v2\/pages\/82"}],"collection":[{"href":"https:\/\/wbmnaturales.com\/index.php?rest_route=\/wp\/v2\/pages"}],"about":[{"href":"https:\/\/wbmnaturales.com\/index.php?rest_route=\/wp\/v2\/types\/page"}],"author":[{"embeddable":true,"href":"https:\/\/wbmnaturales.com\/index.php?rest_route=\/wp\/v2\/users\/1"}],"replies":[{"embeddable":true,"href":"https:\/\/wbmnaturales.com\/index.php?rest_route=%2Fwp%2Fv2%2Fcomments&post=82"}],"version-history":[{"count":7,"href":"https:\/\/wbmnaturales.com\/index.php?rest_route=\/wp\/v2\/pages\/82\/revisions"}],"predecessor-version":[{"id":111,"href":"https:\/\/wbmnaturales.com\/index.php?rest_route=\/wp\/v2\/pages\/82\/revisions\/111"}],"wp:attachment":[{"href":"https:\/\/wbmnaturales.com\/index.php?rest_route=%2Fwp%2Fv2%2Fmedia&parent=82"}],"curies":[{"name":"wp","href":"https:\/\/api.w.org\/{rel}","templated":true}]}}